{"id":108,"date":"2015-01-20T23:43:54","date_gmt":"2015-01-20T21:43:54","guid":{"rendered":"http:\/\/w877mfup.web151.alfahosting-server.de\/friendship-fairness.alt\/?page_id=108"},"modified":"2022-02-01T15:23:00","modified_gmt":"2022-02-01T13:23:00","slug":"kursprogramm-2018","status":"publish","type":"page","link":"https:\/\/www.friendship-fairness.de\/?page_id=108","title":{"rendered":"Kurse 2022"},"content":{"rendered":"<p>F\u00fcr alle Veranstaltungen gilt 2G (vollst\u00e4ndig geimpft oder genesen) sowie die aktuellen Corona-Regeln. Max. TN Zahl 8<\/p>\n<p><strong><span style=\"color: #ff0000;\">ACHTUNG: APO Kurse werden nicht mehr angeboten<\/span><\/strong><\/p>\n<h3>Sonstige Kurse und Lehrg\u00e4nge<\/h3>\n<p>Zuverl\u00e4ssige Schulpferde sind in begrenzter Anzahl vorhanden und stehen f\u00fcr\u00a0\u00a025 Euro \/ Tag bei Bodenarbeitskursen und f\u00fcr\u00a035 Euro\u00a0\/ Tag bei Reitkursen zur Verf\u00fcgung.<\/p>\n<p><span style=\"color: #993300;\"><strong>19. und 20.02.2022\u00a0 <\/strong><\/span><strong>Turniervorbereitungskurs mit EWU Richterin Angie Stiefel<\/strong><\/p>\n<p>Selbst\u00a0h\u00f6chst erfolgreiche Reiterin, hier ein paar von Ihren wichtigsten Erfolgen: 2012 Vize-Landesmeister BA-W\u00fc Trail LK 1A, German Open 2013: 2013 Vize-Deutscher Meister Mannschaft BA-W\u00fc (Kaderreiterin)\u00a02013\u00a04. Platz German Open Trail, 2013\u00a0Finalist Western Riding,\u00a02013 Finalist Senior Super Horse\u00a0, 2013 Pferdemedaille Trail Gold mit\u00a0ihrem Pferd &#8222;PK Mystery Twister&#8220;\u00a0ist\u00a0sie dieses\u00a0Jahr\u00a0zum zweiten Mal\u00a0bei uns zu Gast. \u00a0Disziplinen nach Absprache mit den Kursteilnehmern. 2019 hatten wir das erste Mal das Vergn\u00fcgen mit Angie einen Kurs abzuhalten und alle waren hin und weg. Wir hatten zwei super Tage, denn\u00a0Angie hat nicht nur die Gabe Ihr Wissen absolut professionell und empathisch weiterzugeben, sondern auch noch h\u00f6chst effektive \u00dcbungen und Methoden im Repertoire. Freut Euch auf zwei Tage Power-Training und macht Euch fit\u00a0f\u00fcr die kommende Turniersaison,\u00a0Erwachsene\u00a0180,- Euro, Jugendliche 160 Euro.<\/p>\n<div><span style=\"color: #ff0000;\">\u00a0evtl.\u00a0wieder\u00a02023<\/span><strong><span style=\"color: #ff0000;\">\u00a0\u00a0\u00a0\u00a0\u00a0\u00a0<\/span>ARIEN AGUILAR &#8220; Bodenarbeits- und Reitkurs&#8220; <\/strong><\/div>\n<p>..we proudly present:\u00a0\u00a02019 durften wir zum ersten Mal\u00a0Arien Aguilar, den\u00a0Sohn\u00a0des\u00a0international bekannten Buchautoren und Horsemanship Trainers Alfonso Aguilar, bei uns begr\u00fc\u00dfen.\u00a0\u00a0Arien gibt seit\u00a0seinem 14. Lebensjahr\u00a0weltweit Kurse in Frankreich, Spanien, Niederlande, Schweiz, \u00d6sterreich, Mexico\u00a0und U.S.A..\u00a0Er verf\u00fcgt \u00fcber ein umfangreiches Wissen \u00fcber gebissloses Reiten, Bodenarbeit, Reitkunst, Roping, Barockreiten, Freiarbeit, Zirzensik uvm.. Auch durch\u00a0seine Zusammenarbeit und die spektakul\u00e4ren Shows mit\u00a0Kenzie Dysli\u00a0ist er rasant in der Pferdewelt bekannt geworden\u00a0&#8211; schaut auf seine Homepage unter\u00a0Arien Aguilar &#8211; Balanced Horseman.\u00a0Jeder kann mitmachen, Arien unterrichtet in Deutsch; besonders ansprechen m\u00f6chte ich mit diesem Kurs auch die\u00a0jugendlichen Reiter &#8211; traut Euch! Lehrpferde sind vorhanden. 260,- Euro<\/p>\n<p>Am besten\u00a0fr\u00fchzeitig vormerken, die Pl\u00e4tze sind schnell ausgebucht&#8230;.<\/p>\n<p><strong>\u00a0<\/strong><\/p>\n<p><span style=\"color: #993300;\"><strong>2022 <\/strong><\/span><strong>Verladekurs auf Anfrage<\/strong><\/p>\n<p>Grundlagen Bodenarbeit, Schreckparcours bew\u00e4ltigen, H\u00e4ngerverladen in Theorie und Praxis in ruhiger Atmosph\u00e4re in der Reithalle, Lehrpferde vorhanden,\u00a080,- Euro<\/p>\n<p><strong>\u00a0<\/strong><\/p>\n<p><a title=\"Anmeldeformular\" href=\"http:\/\/w877mfup.web151.alfahosting-server.de\/friendship-fairness.alt\/wp-content\/uploads\/2015\/04\/kursanmeldung.pdf\" target=\"_blank\" rel=\"noopener\">[Download\u00a0Anmeldeformular]<\/a><\/p>\n<p>&nbsp;<\/p>\n","protected":false},"excerpt":{"rendered":"<p>F\u00fcr alle Veranstaltungen gilt 2G (vollst\u00e4ndig geimpft oder genesen) sowie die aktuellen Corona-Regeln. Max. TN Zahl 8 ACHTUNG: APO Kurse werden nicht mehr angeboten Sonstige Kurse und Lehrg\u00e4nge Zuverl\u00e4ssige Schulpferde sind in begrenzter Anzahl vorhanden und stehen f\u00fcr\u00a0\u00a025 Euro \/ Tag bei Bodenarbeitskursen und f\u00fcr\u00a035 Euro\u00a0\/ Tag bei Reitkursen zur Verf\u00fcgung. 19. und 20.02.2022\u00a0 Turniervorbereitungskurs [&hellip;]<\/p>\n","protected":false},"author":2,"featured_media":0,"parent":0,"menu_order":2,"comment_status":"open","ping_status":"closed","template":"","meta":{"footnotes":""},"class_list":["post-108","page","type-page","status-publish","hentry"],"yoast_head":"<!-- This site is optimized with the Yoast SEO plugin v25.1 - https:\/\/yoast.com\/wordpress\/plugins\/seo\/ -->\n<title>Kurse 2015<\/title>\n<meta name=\"robots\" content=\"index, follow, max-snippet:-1, max-image-preview:large, max-video-preview:-1\" \/>\n<link rel=\"canonical\" href=\"http:\/\/www.friendship-fairness.de\/?page_id=108\" \/>\n<meta property=\"og:locale\" content=\"de_DE\" \/>\n<meta property=\"og:type\" content=\"article\" \/>\n<meta property=\"og:title\" content=\"Kurse 2015\" \/>\n<meta property=\"og:description\" content=\"F\u00fcr alle Veranstaltungen gilt 2G (vollst\u00e4ndig geimpft oder genesen) sowie die aktuellen Corona-Regeln. Max. TN Zahl 8 ACHTUNG: APO Kurse werden nicht mehr angeboten Sonstige Kurse und Lehrg\u00e4nge Zuverl\u00e4ssige Schulpferde sind in begrenzter Anzahl vorhanden und stehen f\u00fcr\u00a0\u00a025 Euro \/ Tag bei Bodenarbeitskursen und f\u00fcr\u00a035 Euro\u00a0\/ Tag bei Reitkursen zur Verf\u00fcgung. 19. und 20.02.2022\u00a0 Turniervorbereitungskurs [&hellip;]\" \/>\n<meta property=\"og:url\" content=\"http:\/\/www.friendship-fairness.de\/?page_id=108\" \/>\n<meta property=\"og:site_name\" content=\"Friendship &amp; Fairness\" \/>\n<meta property=\"article:modified_time\" content=\"2022-02-01T13:23:00+00:00\" \/>\n<meta name=\"twitter:label1\" content=\"Gesch\u00e4tzte Lesezeit\" \/>\n\t<meta name=\"twitter:data1\" content=\"2\u00a0Minuten\" \/>\n<script type=\"application\/ld+json\" class=\"yoast-schema-graph\">{\"@context\":\"https:\/\/schema.org\",\"@graph\":[{\"@type\":\"WebPage\",\"@id\":\"http:\/\/www.friendship-fairness.de\/?page_id=108\",\"url\":\"http:\/\/www.friendship-fairness.de\/?page_id=108\",\"name\":\"Kurse 2015\",\"isPartOf\":{\"@id\":\"https:\/\/www.friendship-fairness.de\/#website\"},\"datePublished\":\"2015-01-20T21:43:54+00:00\",\"dateModified\":\"2022-02-01T13:23:00+00:00\",\"breadcrumb\":{\"@id\":\"http:\/\/www.friendship-fairness.de\/?page_id=108#breadcrumb\"},\"inLanguage\":\"de\",\"potentialAction\":[{\"@type\":\"ReadAction\",\"target\":[\"http:\/\/www.friendship-fairness.de\/?page_id=108\"]}]},{\"@type\":\"BreadcrumbList\",\"@id\":\"http:\/\/www.friendship-fairness.de\/?page_id=108#breadcrumb\",\"itemListElement\":[{\"@type\":\"ListItem\",\"position\":1,\"name\":\"Home\",\"item\":\"https:\/\/www.friendship-fairness.de\/\"},{\"@type\":\"ListItem\",\"position\":2,\"name\":\"Kurse 2022\"}]},{\"@type\":\"WebSite\",\"@id\":\"https:\/\/www.friendship-fairness.de\/#website\",\"url\":\"https:\/\/www.friendship-fairness.de\/\",\"name\":\"Friendship &amp; Fairness\",\"description\":\"Camazo Westernreiten \u00b7 Horsemanship\",\"potentialAction\":[{\"@type\":\"SearchAction\",\"target\":{\"@type\":\"EntryPoint\",\"urlTemplate\":\"https:\/\/www.friendship-fairness.de\/?s={search_term_string}\"},\"query-input\":{\"@type\":\"PropertyValueSpecification\",\"valueRequired\":true,\"valueName\":\"search_term_string\"}}],\"inLanguage\":\"de\"}]}<\/script>\n<!-- \/ Yoast SEO plugin. -->","yoast_head_json":{"title":"Kurse 2015","robots":{"index":"index","follow":"follow","max-snippet":"max-snippet:-1","max-image-preview":"max-image-preview:large","max-video-preview":"max-video-preview:-1"},"canonical":"http:\/\/www.friendship-fairness.de\/?page_id=108","og_locale":"de_DE","og_type":"article","og_title":"Kurse 2015","og_description":"F\u00fcr alle Veranstaltungen gilt 2G (vollst\u00e4ndig geimpft oder genesen) sowie die aktuellen Corona-Regeln. Max. TN Zahl 8 ACHTUNG: APO Kurse werden nicht mehr angeboten Sonstige Kurse und Lehrg\u00e4nge Zuverl\u00e4ssige Schulpferde sind in begrenzter Anzahl vorhanden und stehen f\u00fcr\u00a0\u00a025 Euro \/ Tag bei Bodenarbeitskursen und f\u00fcr\u00a035 Euro\u00a0\/ Tag bei Reitkursen zur Verf\u00fcgung. 19. und 20.02.2022\u00a0 Turniervorbereitungskurs [&hellip;]","og_url":"http:\/\/www.friendship-fairness.de\/?page_id=108","og_site_name":"Friendship &amp; Fairness","article_modified_time":"2022-02-01T13:23:00+00:00","twitter_misc":{"Gesch\u00e4tzte Lesezeit":"2\u00a0Minuten"},"schema":{"@context":"https:\/\/schema.org","@graph":[{"@type":"WebPage","@id":"http:\/\/www.friendship-fairness.de\/?page_id=108","url":"http:\/\/www.friendship-fairness.de\/?page_id=108","name":"Kurse 2015","isPartOf":{"@id":"https:\/\/www.friendship-fairness.de\/#website"},"datePublished":"2015-01-20T21:43:54+00:00","dateModified":"2022-02-01T13:23:00+00:00","breadcrumb":{"@id":"http:\/\/www.friendship-fairness.de\/?page_id=108#breadcrumb"},"inLanguage":"de","potentialAction":[{"@type":"ReadAction","target":["http:\/\/www.friendship-fairness.de\/?page_id=108"]}]},{"@type":"BreadcrumbList","@id":"http:\/\/www.friendship-fairness.de\/?page_id=108#breadcrumb","itemListElement":[{"@type":"ListItem","position":1,"name":"Home","item":"https:\/\/www.friendship-fairness.de\/"},{"@type":"ListItem","position":2,"name":"Kurse 2022"}]},{"@type":"WebSite","@id":"https:\/\/www.friendship-fairness.de\/#website","url":"https:\/\/www.friendship-fairness.de\/","name":"Friendship &amp; Fairness","description":"Camazo Westernreiten \u00b7 Horsemanship","potentialAction":[{"@type":"SearchAction","target":{"@type":"EntryPoint","urlTemplate":"https:\/\/www.friendship-fairness.de\/?s={search_term_string}"},"query-input":{"@type":"PropertyValueSpecification","valueRequired":true,"valueName":"search_term_string"}}],"inLanguage":"de"}]}},"_links":{"self":[{"href":"https:\/\/www.friendship-fairness.de\/index.php?rest_route=\/wp\/v2\/pages\/108","targetHints":{"allow":["GET"]}}],"collection":[{"href":"https:\/\/www.friendship-fairness.de\/index.php?rest_route=\/wp\/v2\/pages"}],"about":[{"href":"https:\/\/www.friendship-fairness.de\/index.php?rest_route=\/wp\/v2\/types\/page"}],"author":[{"embeddable":true,"href":"https:\/\/www.friendship-fairness.de\/index.php?rest_route=\/wp\/v2\/users\/2"}],"replies":[{"embeddable":true,"href":"https:\/\/www.friendship-fairness.de\/index.php?rest_route=%2Fwp%2Fv2%2Fcomments&post=108"}],"version-history":[{"count":66,"href":"https:\/\/www.friendship-fairness.de\/index.php?rest_route=\/wp\/v2\/pages\/108\/revisions"}],"predecessor-version":[{"id":725,"href":"https:\/\/www.friendship-fairness.de\/index.php?rest_route=\/wp\/v2\/pages\/108\/revisions\/725"}],"wp:attachment":[{"href":"https:\/\/www.friendship-fairness.de\/index.php?rest_route=%2Fwp%2Fv2%2Fmedia&parent=108"}],"curies":[{"name":"wp","href":"https:\/\/api.w.org\/{rel}","templated":true}]}}