{"id":34,"date":"2014-04-02T11:01:01","date_gmt":"2014-04-02T09:01:01","guid":{"rendered":"http:\/\/w877mfup.web151.alfahosting-server.de\/friendship-fairness.alt\/?page_id=34"},"modified":"2015-04-07T11:44:33","modified_gmt":"2015-04-07T09:44:33","slug":"friendship-fairness","status":"publish","type":"page","link":"https:\/\/www.friendship-fairness.de\/?page_id=34","title":{"rendered":"Philosophie"},"content":{"rendered":"<p><strong>Mit \u201c<em>Friendship &amp; Fairness\u201d-<\/em>Kursen nat\u00fcrliches Pferdetraining lernen<\/strong><\/p>\n<p>Fundierte und abwechslungsreiche Ausbildung von Anfang an mit\u00a0 Bodenarbeit und Training unter dem Sattel ist das Ziel meiner Friendship &amp; Fairness Kurse. Das FF-Kurskonzept m\u00f6chte Pferd und Reiter mit aufeinander aufbauenden Kurstagen einen pferdegerechten Ausbildungsweg bieten. Ziel ist es eine individuelle Beziehung zum Pferd aufzubauen, zu lernen dem Partner Pferd ausreichend abzuverlangen und ihm\u00a0dabei die gr\u00f6sstm\u00f6glichen Freir\u00e4ume zu belassen.<\/p>\n<p>Der direkteste Weg im Pferdetraining ist nicht immer auch der schnellste\u00a0\u2013\u00a0oder um es mit den Worten von Jack Brainard zu sagen:<\/p>\n<p><strong><em>\u201e<\/em><em>Experience is not the best teacher, <\/em><em>but it is the most expensive teacher &#8230;<\/em><em>\u201c<\/em><\/strong><\/p>\n<p>Starte Dein Pferd oder Deine Reitkarriere mit einem soliden Konzept und professioneller Hilfe und erspare Dir und Deinem Pferd gef\u00e4hrliche Situationen, negative Erfahrungen oder gar Unf\u00e4lle!<\/p>\n<p>Wenn Du also einen Einblick in die Pferdewelt und den nat\u00fcrlichen Umgang mit Pferden bekommen m\u00f6chtest, sei es im Freizeitbereich, mit Turnierambitionen oder mit professionellen Zielen, dann bist Du bei uns richtig! Unser Bodenarbeits- und Reitprogramm kann jeder mitmachen, auch ohne eigenes Pferd.<\/p>\n<p>Kursinhalte sind: Vertrauen aufbauen und Pferde besser verstehen lernen, das Pferd motivieren und individuell f\u00f6rdern, Sicherheit gewinnen durch fundiertes Wissen und effektive Hilfengebung, Konditionsaufbau psychisch und physisch, Spass mit Pferden haben<\/p>\n<ul>\n<li>Erziehung: freundlich, fair, konsequent<\/li>\n<li>Psychischer- und physischer Konditionsaufbau durch Bodenarbeit<\/li>\n<li>Takt und Losgelassenheit am Boden und unter dem Sattel<\/li>\n<li>Abwechslungsreiches Training: Bodenarbeit &#8211; Dressur &#8211; Trail &#8211; Gel\u00e4nde<\/li>\n<li>\u00dcben von Techniken und Abl\u00e4ufen f\u00fcr sinnvolle Ausbildungsschritte<\/li>\n<\/ul>\n<p>Vom F\u00fchren \u00fcber Grundgangarten, Bodenarbeit zum Verladen. Von den klassischen Seiteng\u00e4ngen \u00fcber die Bew\u00e4ltigung eines Trail-Parcours zum rittigen und durchl\u00e4ssigen Reitpferd.\u00a0\u00a0Zu jedem Kurstag gibt es eine theoretische Vorbereitung.<\/p>\n<p>Wir empfehlen die ersten Kurse mit einem unserer gut geschulten und ruhigen Lehrpferden zu absolvieren. So habt Ihr\u00a0Kopf und Herz frei und k\u00f6nnt Euch ganz auf die neuen Aufgaben konzentrieren.<\/p>\n<p><strong>10 Punkte Programm<\/strong><\/p>\n<p>1-5 Grundlagen, 6-10 Aufbau<\/p>\n<p><strong>Bodenarbeit<\/strong><\/p>\n<ol>\n<li>Theorie Pferdeverhalten<\/li>\n<li>F\u00fchren<\/li>\n<li>Schicken und Aufzirkeln<\/li>\n<li>Komm und geh<\/li>\n<li>Weichen mit stetigem Druck und rhytmischem Druck<\/li>\n<li>Seitw\u00e4rts<\/li>\n<li>Hindernisbew\u00e4ltigung Trail-Parcours<\/li>\n<li>H\u00e4ngerverladen<\/li>\n<li>Seitw\u00e4rts komm und geh<\/li>\n<li>Freiarbeit<\/li>\n<\/ol>\n<p><strong>Reiten<\/strong><\/p>\n<ol>\n<li>Entwicklung von Takt und Losgelassenheit<\/li>\n<li>Effektive Hilfengebung, Timing<\/li>\n<li>Vorw\u00e4rts-Abw\u00e4rts Training, Stangenarbeit<\/li>\n<li>Nachgeben (Z\u00fcgel, Schenkel, Gewicht)<\/li>\n<li>Schenkelweichen \/ Side Pass<\/li>\n<li>Grundlagen versammeln<\/li>\n<li>Sinnvoller Konditionsaufbau<\/li>\n<li>Trail: Tor, Stangen,\u00a0Galoppstangen, Side-Pass<\/li>\n<li>Schulterherein \/ Travers \/ Renvers<\/li>\n<li>Fliegende Wechsel<\/li>\n<\/ol>\n","protected":false},"excerpt":{"rendered":"<p>Mit \u201cFriendship &amp; Fairness\u201d-Kursen nat\u00fcrliches Pferdetraining lernen Fundierte und abwechslungsreiche Ausbildung von Anfang an mit\u00a0 Bodenarbeit und Training unter dem Sattel ist das Ziel meiner Friendship &amp; Fairness Kurse. Das FF-Kurskonzept m\u00f6chte Pferd und Reiter mit aufeinander aufbauenden Kurstagen einen pferdegerechten Ausbildungsweg bieten. Ziel ist es eine individuelle Beziehung zum Pferd aufzubauen, zu lernen dem [&hellip;]<\/p>\n","protected":false},"author":2,"featured_media":0,"parent":0,"menu_order":2,"comment_status":"open","ping_status":"open","template":"page_template_rand_rechts.php","meta":{"footnotes":""},"class_list":["post-34","page","type-page","status-publish","hentry"],"yoast_head":"<!-- This site is optimized with the Yoast SEO plugin v25.1 - https:\/\/yoast.com\/wordpress\/plugins\/seo\/ -->\n<title>Philosophie - Friendship &amp; Fairness<\/title>\n<meta name=\"robots\" content=\"index, follow, max-snippet:-1, max-image-preview:large, max-video-preview:-1\" \/>\n<link rel=\"canonical\" href=\"http:\/\/www.friendship-fairness.de\/?page_id=34\" \/>\n<meta property=\"og:locale\" content=\"de_DE\" \/>\n<meta property=\"og:type\" content=\"article\" \/>\n<meta property=\"og:title\" content=\"Philosophie - Friendship &amp; Fairness\" \/>\n<meta property=\"og:description\" content=\"Mit \u201cFriendship &amp; Fairness\u201d-Kursen nat\u00fcrliches Pferdetraining lernen Fundierte und abwechslungsreiche Ausbildung von Anfang an mit\u00a0 Bodenarbeit und Training unter dem Sattel ist das Ziel meiner Friendship &amp; Fairness Kurse. Das FF-Kurskonzept m\u00f6chte Pferd und Reiter mit aufeinander aufbauenden Kurstagen einen pferdegerechten Ausbildungsweg bieten. Ziel ist es eine individuelle Beziehung zum Pferd aufzubauen, zu lernen dem [&hellip;]\" \/>\n<meta property=\"og:url\" content=\"http:\/\/www.friendship-fairness.de\/?page_id=34\" \/>\n<meta property=\"og:site_name\" content=\"Friendship &amp; Fairness\" \/>\n<meta property=\"article:modified_time\" content=\"2015-04-07T09:44:33+00:00\" \/>\n<meta name=\"twitter:label1\" content=\"Gesch\u00e4tzte Lesezeit\" \/>\n\t<meta name=\"twitter:data1\" content=\"2\u00a0Minuten\" \/>\n<script type=\"application\/ld+json\" class=\"yoast-schema-graph\">{\"@context\":\"https:\/\/schema.org\",\"@graph\":[{\"@type\":\"WebPage\",\"@id\":\"http:\/\/www.friendship-fairness.de\/?page_id=34\",\"url\":\"http:\/\/www.friendship-fairness.de\/?page_id=34\",\"name\":\"Philosophie - Friendship &amp; Fairness\",\"isPartOf\":{\"@id\":\"https:\/\/www.friendship-fairness.de\/#website\"},\"datePublished\":\"2014-04-02T09:01:01+00:00\",\"dateModified\":\"2015-04-07T09:44:33+00:00\",\"breadcrumb\":{\"@id\":\"http:\/\/www.friendship-fairness.de\/?page_id=34#breadcrumb\"},\"inLanguage\":\"de\",\"potentialAction\":[{\"@type\":\"ReadAction\",\"target\":[\"http:\/\/www.friendship-fairness.de\/?page_id=34\"]}]},{\"@type\":\"BreadcrumbList\",\"@id\":\"http:\/\/www.friendship-fairness.de\/?page_id=34#breadcrumb\",\"itemListElement\":[{\"@type\":\"ListItem\",\"position\":1,\"name\":\"Home\",\"item\":\"https:\/\/www.friendship-fairness.de\/\"},{\"@type\":\"ListItem\",\"position\":2,\"name\":\"Philosophie\"}]},{\"@type\":\"WebSite\",\"@id\":\"https:\/\/www.friendship-fairness.de\/#website\",\"url\":\"https:\/\/www.friendship-fairness.de\/\",\"name\":\"Friendship &amp; Fairness\",\"description\":\"Camazo Westernreiten \u00b7 Horsemanship\",\"potentialAction\":[{\"@type\":\"SearchAction\",\"target\":{\"@type\":\"EntryPoint\",\"urlTemplate\":\"https:\/\/www.friendship-fairness.de\/?s={search_term_string}\"},\"query-input\":{\"@type\":\"PropertyValueSpecification\",\"valueRequired\":true,\"valueName\":\"search_term_string\"}}],\"inLanguage\":\"de\"}]}<\/script>\n<!-- \/ Yoast SEO plugin. -->","yoast_head_json":{"title":"Philosophie - Friendship &amp; Fairness","robots":{"index":"index","follow":"follow","max-snippet":"max-snippet:-1","max-image-preview":"max-image-preview:large","max-video-preview":"max-video-preview:-1"},"canonical":"http:\/\/www.friendship-fairness.de\/?page_id=34","og_locale":"de_DE","og_type":"article","og_title":"Philosophie - Friendship &amp; Fairness","og_description":"Mit \u201cFriendship &amp; Fairness\u201d-Kursen nat\u00fcrliches Pferdetraining lernen Fundierte und abwechslungsreiche Ausbildung von Anfang an mit\u00a0 Bodenarbeit und Training unter dem Sattel ist das Ziel meiner Friendship &amp; Fairness Kurse. Das FF-Kurskonzept m\u00f6chte Pferd und Reiter mit aufeinander aufbauenden Kurstagen einen pferdegerechten Ausbildungsweg bieten. Ziel ist es eine individuelle Beziehung zum Pferd aufzubauen, zu lernen dem [&hellip;]","og_url":"http:\/\/www.friendship-fairness.de\/?page_id=34","og_site_name":"Friendship &amp; Fairness","article_modified_time":"2015-04-07T09:44:33+00:00","twitter_misc":{"Gesch\u00e4tzte Lesezeit":"2\u00a0Minuten"},"schema":{"@context":"https:\/\/schema.org","@graph":[{"@type":"WebPage","@id":"http:\/\/www.friendship-fairness.de\/?page_id=34","url":"http:\/\/www.friendship-fairness.de\/?page_id=34","name":"Philosophie - Friendship &amp; Fairness","isPartOf":{"@id":"https:\/\/www.friendship-fairness.de\/#website"},"datePublished":"2014-04-02T09:01:01+00:00","dateModified":"2015-04-07T09:44:33+00:00","breadcrumb":{"@id":"http:\/\/www.friendship-fairness.de\/?page_id=34#breadcrumb"},"inLanguage":"de","potentialAction":[{"@type":"ReadAction","target":["http:\/\/www.friendship-fairness.de\/?page_id=34"]}]},{"@type":"BreadcrumbList","@id":"http:\/\/www.friendship-fairness.de\/?page_id=34#breadcrumb","itemListElement":[{"@type":"ListItem","position":1,"name":"Home","item":"https:\/\/www.friendship-fairness.de\/"},{"@type":"ListItem","position":2,"name":"Philosophie"}]},{"@type":"WebSite","@id":"https:\/\/www.friendship-fairness.de\/#website","url":"https:\/\/www.friendship-fairness.de\/","name":"Friendship &amp; Fairness","description":"Camazo Westernreiten \u00b7 Horsemanship","potentialAction":[{"@type":"SearchAction","target":{"@type":"EntryPoint","urlTemplate":"https:\/\/www.friendship-fairness.de\/?s={search_term_string}"},"query-input":{"@type":"PropertyValueSpecification","valueRequired":true,"valueName":"search_term_string"}}],"inLanguage":"de"}]}},"_links":{"self":[{"href":"https:\/\/www.friendship-fairness.de\/index.php?rest_route=\/wp\/v2\/pages\/34","targetHints":{"allow":["GET"]}}],"collection":[{"href":"https:\/\/www.friendship-fairness.de\/index.php?rest_route=\/wp\/v2\/pages"}],"about":[{"href":"https:\/\/www.friendship-fairness.de\/index.php?rest_route=\/wp\/v2\/types\/page"}],"author":[{"embeddable":true,"href":"https:\/\/www.friendship-fairness.de\/index.php?rest_route=\/wp\/v2\/users\/2"}],"replies":[{"embeddable":true,"href":"https:\/\/www.friendship-fairness.de\/index.php?rest_route=%2Fwp%2Fv2%2Fcomments&post=34"}],"version-history":[{"count":26,"href":"https:\/\/www.friendship-fairness.de\/index.php?rest_route=\/wp\/v2\/pages\/34\/revisions"}],"predecessor-version":[{"id":473,"href":"https:\/\/www.friendship-fairness.de\/index.php?rest_route=\/wp\/v2\/pages\/34\/revisions\/473"}],"wp:attachment":[{"href":"https:\/\/www.friendship-fairness.de\/index.php?rest_route=%2Fwp%2Fv2%2Fmedia&parent=34"}],"curies":[{"name":"wp","href":"https:\/\/api.w.org\/{rel}","templated":true}]}}