{"id":6,"date":"2014-03-27T17:48:15","date_gmt":"2014-03-27T15:48:15","guid":{"rendered":"http:\/\/w877mfup.web151.alfahosting-server.de\/friendship-fairness.alt\/?page_id=6"},"modified":"2022-02-01T15:23:56","modified_gmt":"2022-02-01T13:23:56","slug":"impressum","status":"publish","type":"page","link":"https:\/\/www.friendship-fairness.de\/?page_id=6","title":{"rendered":"Impressum"},"content":{"rendered":"<p>&nbsp;<\/p>\n<p><strong><span style=\"font-size: 14px; line-height: 1.5em;\">Angaben gem\u00e4\u00df \u00a7 5 TMG<\/span><\/strong><\/p>\n<p>Carmen Moll<br \/>\nHagener Weg 18<br \/>\n89179 Beimerstetten<\/p>\n<p><strong>Kontakt<\/strong><\/p>\n<table>\n<tbody>\n<tr>\n<td>Telefon<\/td>\n<td>+49 151-19350678<\/td>\n<\/tr>\n<tr>\n<td>Telefax<\/td>\n<td>+49\u00a07348 201489<\/td>\n<\/tr>\n<tr>\n<td>E-Mail<\/td>\n<td>carmen.moll@t-online.de<\/td>\n<\/tr>\n<\/tbody>\n<\/table>\n<p>&nbsp;<\/p>\n<p><strong>Haftungsausschluss (Disclaimer)<\/strong><\/p>\n<p><strong>Haftung f\u00fcr Inhalte<\/strong><\/p>\n<p>Als Diensteanbieter sind wir gem\u00e4\u00df \u00a7 7 Abs.1 TMG f\u00fcr eigene Inhalte auf diesen Seiten nach den allgemeinen Gesetzen verantwortlich. Nach \u00a7\u00a7 8 bis 10 TMG sind wir als Diensteanbieter jedoch nicht verpflichtet, \u00fcbermittelte oder gespeicherte fremde Informationen zu \u00fcberwachen oder nach Umst\u00e4nden zu forschen, die auf eine rechtswidrige T\u00e4tigkeit hinweisen. Verpflichtungen zur Entfernung oder Sperrung der Nutzung von Informationen nach den allgemeinen Gesetzen bleiben hiervon unber\u00fchrt. Eine diesbez\u00fcgliche Haftung ist jedoch erst ab dem Zeitpunkt der Kenntnis einer konkreten Rechtsverletzung m\u00f6glich. Bei Bekanntwerden von entsprechenden Rechtsverletzungen werden wir diese Inhalte umgehend entfernen.<\/p>\n<p><strong>Haftung f\u00fcr Links<\/strong><\/p>\n<p>Unser Angebot enth\u00e4lt Links zu externen Webseiten Dritter, auf deren Inhalte wir keinen Einfluss haben. Deshalb k\u00f6nnen wir f\u00fcr diese fremden Inhalte auch keine Gew\u00e4hr \u00fcbernehmen. F\u00fcr die Inhalte der verlinkten Seiten ist stets der jeweilige Anbieter oder Betreiber der Seiten verantwortlich. Die verlinkten Seiten wurden zum Zeitpunkt der Verlinkung auf m\u00f6gliche Rechtsverst\u00f6\u00dfe \u00fcberpr\u00fcft. Rechtswidrige Inhalte waren zum Zeitpunkt der Verlinkung nicht erkennbar. Eine permanente inhaltliche Kontrolle der verlinkten Seiten ist jedoch ohne konkrete Anhaltspunkte einer Rechtsverletzung nicht zumutbar. Bei Bekanntwerden von Rechtsverletzungen werden wir derartige Links umgehend entfernen.<\/p>\n<p><strong>Urheberrecht<\/strong><\/p>\n<p>Die durch die Seitenbetreiber erstellten Inhalte und Werke auf diesen Seiten unterliegen dem deutschen Urheberrecht. Die Vervielf\u00e4ltigung, Bearbeitung, Verbreitung und jede Art der Verwertung au\u00dferhalb der Grenzen des Urheberrechtes bed\u00fcrfen der schriftlichen Zustimmung des jeweiligen Autors bzw. Erstellers. Downloads und Kopien dieser Seite sind nur f\u00fcr den privaten, nicht kommerziellen Gebrauch gestattet. Soweit die Inhalte auf dieser Seite nicht vom Betreiber erstellt wurden, werden die Urheberrechte Dritter beachtet. Insbesondere werden Inhalte Dritter als solche gekennzeichnet. Sollten Sie trotzdem auf eine Urheberrechtsverletzung aufmerksam werden, bitten wir um einen entsprechenden Hinweis. Bei Bekanntwerden von Rechtsverletzungen werden wir derartige Inhalte umgehend entfernen.<\/p>\n","protected":false},"excerpt":{"rendered":"<p>&nbsp; Angaben gem\u00e4\u00df \u00a7 5 TMG Carmen Moll Hagener Weg 18 89179 Beimerstetten Kontakt Telefon +49 151-19350678 Telefax +49\u00a07348 201489 E-Mail carmen.moll@t-online.de &nbsp; Haftungsausschluss (Disclaimer) Haftung f\u00fcr Inhalte Als Diensteanbieter sind wir gem\u00e4\u00df \u00a7 7 Abs.1 TMG f\u00fcr eigene Inhalte auf diesen Seiten nach den allgemeinen Gesetzen verantwortlich. Nach \u00a7\u00a7 8 bis 10 TMG sind [&hellip;]<\/p>\n","protected":false},"author":3,"featured_media":0,"parent":0,"menu_order":9,"comment_status":"open","ping_status":"closed","template":"","meta":{"footnotes":""},"class_list":["post-6","page","type-page","status-publish","hentry"],"yoast_head":"<!-- This site is optimized with the Yoast SEO plugin v25.1 - https:\/\/yoast.com\/wordpress\/plugins\/seo\/ -->\n<title>Impressum - Friendship &amp; Fairness<\/title>\n<meta name=\"robots\" content=\"index, follow, max-snippet:-1, max-image-preview:large, max-video-preview:-1\" \/>\n<link rel=\"canonical\" href=\"https:\/\/www.friendship-fairness.de\/?page_id=6\" \/>\n<meta property=\"og:locale\" content=\"de_DE\" \/>\n<meta property=\"og:type\" content=\"article\" \/>\n<meta property=\"og:title\" content=\"Impressum - Friendship &amp; Fairness\" \/>\n<meta property=\"og:description\" content=\"&nbsp; Angaben gem\u00e4\u00df \u00a7 5 TMG Carmen Moll Hagener Weg 18 89179 Beimerstetten Kontakt Telefon +49 151-19350678 Telefax +49\u00a07348 201489 E-Mail carmen.moll@t-online.de &nbsp; Haftungsausschluss (Disclaimer) Haftung f\u00fcr Inhalte Als Diensteanbieter sind wir gem\u00e4\u00df \u00a7 7 Abs.1 TMG f\u00fcr eigene Inhalte auf diesen Seiten nach den allgemeinen Gesetzen verantwortlich. Nach \u00a7\u00a7 8 bis 10 TMG sind [&hellip;]\" \/>\n<meta property=\"og:url\" content=\"https:\/\/www.friendship-fairness.de\/?page_id=6\" \/>\n<meta property=\"og:site_name\" content=\"Friendship &amp; Fairness\" \/>\n<meta property=\"article:modified_time\" content=\"2022-02-01T13:23:56+00:00\" \/>\n<meta name=\"twitter:label1\" content=\"Gesch\u00e4tzte Lesezeit\" \/>\n\t<meta name=\"twitter:data1\" content=\"2\u00a0Minuten\" \/>\n<script type=\"application\/ld+json\" class=\"yoast-schema-graph\">{\"@context\":\"https:\/\/schema.org\",\"@graph\":[{\"@type\":\"WebPage\",\"@id\":\"https:\/\/www.friendship-fairness.de\/?page_id=6\",\"url\":\"https:\/\/www.friendship-fairness.de\/?page_id=6\",\"name\":\"Impressum - Friendship &amp; Fairness\",\"isPartOf\":{\"@id\":\"https:\/\/www.friendship-fairness.de\/#website\"},\"datePublished\":\"2014-03-27T15:48:15+00:00\",\"dateModified\":\"2022-02-01T13:23:56+00:00\",\"breadcrumb\":{\"@id\":\"https:\/\/www.friendship-fairness.de\/?page_id=6#breadcrumb\"},\"inLanguage\":\"de\",\"potentialAction\":[{\"@type\":\"ReadAction\",\"target\":[\"https:\/\/www.friendship-fairness.de\/?page_id=6\"]}]},{\"@type\":\"BreadcrumbList\",\"@id\":\"https:\/\/www.friendship-fairness.de\/?page_id=6#breadcrumb\",\"itemListElement\":[{\"@type\":\"ListItem\",\"position\":1,\"name\":\"Home\",\"item\":\"https:\/\/www.friendship-fairness.de\/\"},{\"@type\":\"ListItem\",\"position\":2,\"name\":\"Impressum\"}]},{\"@type\":\"WebSite\",\"@id\":\"https:\/\/www.friendship-fairness.de\/#website\",\"url\":\"https:\/\/www.friendship-fairness.de\/\",\"name\":\"Friendship &amp; Fairness\",\"description\":\"Camazo Westernreiten \u00b7 Horsemanship\",\"potentialAction\":[{\"@type\":\"SearchAction\",\"target\":{\"@type\":\"EntryPoint\",\"urlTemplate\":\"https:\/\/www.friendship-fairness.de\/?s={search_term_string}\"},\"query-input\":{\"@type\":\"PropertyValueSpecification\",\"valueRequired\":true,\"valueName\":\"search_term_string\"}}],\"inLanguage\":\"de\"}]}<\/script>\n<!-- \/ Yoast SEO plugin. -->","yoast_head_json":{"title":"Impressum - Friendship &amp; Fairness","robots":{"index":"index","follow":"follow","max-snippet":"max-snippet:-1","max-image-preview":"max-image-preview:large","max-video-preview":"max-video-preview:-1"},"canonical":"https:\/\/www.friendship-fairness.de\/?page_id=6","og_locale":"de_DE","og_type":"article","og_title":"Impressum - Friendship &amp; Fairness","og_description":"&nbsp; Angaben gem\u00e4\u00df \u00a7 5 TMG Carmen Moll Hagener Weg 18 89179 Beimerstetten Kontakt Telefon +49 151-19350678 Telefax +49\u00a07348 201489 E-Mail carmen.moll@t-online.de &nbsp; Haftungsausschluss (Disclaimer) Haftung f\u00fcr Inhalte Als Diensteanbieter sind wir gem\u00e4\u00df \u00a7 7 Abs.1 TMG f\u00fcr eigene Inhalte auf diesen Seiten nach den allgemeinen Gesetzen verantwortlich. Nach \u00a7\u00a7 8 bis 10 TMG sind [&hellip;]","og_url":"https:\/\/www.friendship-fairness.de\/?page_id=6","og_site_name":"Friendship &amp; Fairness","article_modified_time":"2022-02-01T13:23:56+00:00","twitter_misc":{"Gesch\u00e4tzte Lesezeit":"2\u00a0Minuten"},"schema":{"@context":"https:\/\/schema.org","@graph":[{"@type":"WebPage","@id":"https:\/\/www.friendship-fairness.de\/?page_id=6","url":"https:\/\/www.friendship-fairness.de\/?page_id=6","name":"Impressum - Friendship &amp; Fairness","isPartOf":{"@id":"https:\/\/www.friendship-fairness.de\/#website"},"datePublished":"2014-03-27T15:48:15+00:00","dateModified":"2022-02-01T13:23:56+00:00","breadcrumb":{"@id":"https:\/\/www.friendship-fairness.de\/?page_id=6#breadcrumb"},"inLanguage":"de","potentialAction":[{"@type":"ReadAction","target":["https:\/\/www.friendship-fairness.de\/?page_id=6"]}]},{"@type":"BreadcrumbList","@id":"https:\/\/www.friendship-fairness.de\/?page_id=6#breadcrumb","itemListElement":[{"@type":"ListItem","position":1,"name":"Home","item":"https:\/\/www.friendship-fairness.de\/"},{"@type":"ListItem","position":2,"name":"Impressum"}]},{"@type":"WebSite","@id":"https:\/\/www.friendship-fairness.de\/#website","url":"https:\/\/www.friendship-fairness.de\/","name":"Friendship &amp; Fairness","description":"Camazo Westernreiten \u00b7 Horsemanship","potentialAction":[{"@type":"SearchAction","target":{"@type":"EntryPoint","urlTemplate":"https:\/\/www.friendship-fairness.de\/?s={search_term_string}"},"query-input":{"@type":"PropertyValueSpecification","valueRequired":true,"valueName":"search_term_string"}}],"inLanguage":"de"}]}},"_links":{"self":[{"href":"https:\/\/www.friendship-fairness.de\/index.php?rest_route=\/wp\/v2\/pages\/6","targetHints":{"allow":["GET"]}}],"collection":[{"href":"https:\/\/www.friendship-fairness.de\/index.php?rest_route=\/wp\/v2\/pages"}],"about":[{"href":"https:\/\/www.friendship-fairness.de\/index.php?rest_route=\/wp\/v2\/types\/page"}],"author":[{"embeddable":true,"href":"https:\/\/www.friendship-fairness.de\/index.php?rest_route=\/wp\/v2\/users\/3"}],"replies":[{"embeddable":true,"href":"https:\/\/www.friendship-fairness.de\/index.php?rest_route=%2Fwp%2Fv2%2Fcomments&post=6"}],"version-history":[{"count":21,"href":"https:\/\/www.friendship-fairness.de\/index.php?rest_route=\/wp\/v2\/pages\/6\/revisions"}],"predecessor-version":[{"id":726,"href":"https:\/\/www.friendship-fairness.de\/index.php?rest_route=\/wp\/v2\/pages\/6\/revisions\/726"}],"wp:attachment":[{"href":"https:\/\/www.friendship-fairness.de\/index.php?rest_route=%2Fwp%2Fv2%2Fmedia&parent=6"}],"curies":[{"name":"wp","href":"https:\/\/api.w.org\/{rel}","templated":true}]}}