{"id":656,"date":"2018-06-09T15:50:05","date_gmt":"2018-06-09T13:50:05","guid":{"rendered":"http:\/\/w877mfup.web151.alfahosting-server.de\/friendship-fairness.alt\/?page_id=656"},"modified":"2018-06-09T15:59:45","modified_gmt":"2018-06-09T13:59:45","slug":"datenschutzverordnung","status":"publish","type":"page","link":"https:\/\/www.friendship-fairness.de\/?page_id=656","title":{"rendered":"Datenschutzverordnung"},"content":{"rendered":"<p><strong>Information zur Verwendung bzw. den Umgang mit Ihren Daten und Ihre Rechte nach der EU-Datenschutz-Grundverordnung.<\/strong><\/p>\n<p>Mit diesem Hinweis informieren wir Sie \u00fcber die Verarbeitung Ihrer personenbezogenen Daten und die Ihnen nach dem Datenschutz<\/p>\n<p>zustehenden Rechte.<\/p>\n<p>Welche Daten wir im einzelnen verarbeiten und in welcher Weise sie genutzt werden richtet sich ma\u00dfgeblich nach den erbrachten und vereinbarten Dienstleistungen.<\/p>\n<p>Verantwortlicher f\u00fcr die Datenverarbeitung und wenden k\u00f6nnen Sie sich an : Carmen Moll, Hagener Weg 18, \u00a089179 Beimerstetten oder<\/p>\n<p>an unseren Rechtsanwalt.<\/p>\n<p><em>Wof\u00fcr wir Ihre Daten verarbeiten<\/em>:\u00a0 zur Erbringung von Dienstleistungen, zur Rechnungsstellung und zur Information \u00fcber Veranstaltungen.<\/p>\n<p>Es erfolgt keine Weitergabe Ihrer Daten<\/p>\n<p>Soweit erforderlich, verarbeiten und speichern wir Ihre personenbezogene Daten f\u00fcr die Dauer unserer Gesch\u00e4ftsbeziehung.<\/p>\n<p><em>Betroffenenrechte<\/em>: Sie k\u00f6nnen \u00fcber die oben bekannt gegebenen Kontaktdaten Auskunft \u00fcber die zu Ihrer Person gespeicherten Daten verlangen. Zudem k\u00f6nnen sie unser bestimmten Voraussetzungen\u00a0 die Berichtigung oder die L\u00f6schung Ihrer Daten verlangen.\u00a0 Sie haben das Recht die Einschr\u00e4nkung der Verarbeitung Ihrer personenbezogenen Daten zu verlangen. Dar\u00fcber hinaus haben Sie das Recht auf Herausgabe der von Ihnen bereitgestellten Daten in einem strukturierten, g\u00e4ngig maschinenlesbaren Format.<\/p>\n<p>Im Rahmen einer Gesch\u00e4ftsanbahnung zu uns m\u00fcssen Sie im allgemeinen nur die Daten bereitstellen, die wir zur entsprechenden Begr\u00fcndung, Durchf\u00fchrung oder Beendigung dieser Beziehung ben\u00f6tigen. Ohne die Bereitstellung der erforderlichen Daten m\u00fcssen wir ggf. die Begr\u00fcndung<\/p>\n<p>einer gesch\u00e4ftlichen Beziehung ablehnen bzw. k\u00f6nnen diese nicht durchf\u00fchren oder m\u00fcssen eine solche sogar beenden.<\/p>\n<p><em>Beschwerderecht:<\/em><\/p>\n<p>Sie haben die M\u00f6glichkeit, sich mit einer Beschwerde an den o.g. Datenschutzbeauftragten oder an einen Datenschutzaufsichtsbeh\u00f6rde zu wenden.<\/p>\n<p><em>Widerspruchsrecht Direktwerbung<\/em>: Sie haben das Recht eine Verarbeitung Ihrer personenbezogenen Daten zu Zwecken der Direktwerbung zu widersprechen. Verarbeiten wir Ihre Daten zur Wahrung berechtigter Interessen, k\u00f6nnen Sie dieser Verarbeitung widersprechen, wenn sich aus Ihrer besonderen Situation Gr\u00fcnde ergeben, die gegen eine Datenverarbeitung sprechen.<\/p>\n","protected":false},"excerpt":{"rendered":"<p>Information zur Verwendung bzw. den Umgang mit Ihren Daten und Ihre Rechte nach der EU-Datenschutz-Grundverordnung. Mit diesem Hinweis informieren wir Sie \u00fcber die Verarbeitung Ihrer personenbezogenen Daten und die Ihnen nach dem Datenschutz zustehenden Rechte. Welche Daten wir im einzelnen verarbeiten und in welcher Weise sie genutzt werden richtet sich ma\u00dfgeblich nach den erbrachten und [&hellip;]<\/p>\n","protected":false},"author":2,"featured_media":0,"parent":8,"menu_order":0,"comment_status":"closed","ping_status":"closed","template":"","meta":{"footnotes":""},"class_list":["post-656","page","type-page","status-publish","hentry"],"yoast_head":"<!-- This site is optimized with the Yoast SEO plugin v25.1 - https:\/\/yoast.com\/wordpress\/plugins\/seo\/ -->\n<title>Datenschutzverordnung - Friendship &amp; Fairness<\/title>\n<meta name=\"robots\" content=\"index, follow, max-snippet:-1, max-image-preview:large, max-video-preview:-1\" \/>\n<link rel=\"canonical\" href=\"https:\/\/www.friendship-fairness.de\/?page_id=656\" \/>\n<meta property=\"og:locale\" content=\"de_DE\" \/>\n<meta property=\"og:type\" content=\"article\" \/>\n<meta property=\"og:title\" content=\"Datenschutzverordnung - Friendship &amp; Fairness\" \/>\n<meta property=\"og:description\" content=\"Information zur Verwendung bzw. den Umgang mit Ihren Daten und Ihre Rechte nach der EU-Datenschutz-Grundverordnung. Mit diesem Hinweis informieren wir Sie \u00fcber die Verarbeitung Ihrer personenbezogenen Daten und die Ihnen nach dem Datenschutz zustehenden Rechte. Welche Daten wir im einzelnen verarbeiten und in welcher Weise sie genutzt werden richtet sich ma\u00dfgeblich nach den erbrachten und [&hellip;]\" \/>\n<meta property=\"og:url\" content=\"https:\/\/www.friendship-fairness.de\/?page_id=656\" \/>\n<meta property=\"og:site_name\" content=\"Friendship &amp; Fairness\" \/>\n<meta property=\"article:modified_time\" content=\"2018-06-09T13:59:45+00:00\" \/>\n<meta name=\"twitter:label1\" content=\"Gesch\u00e4tzte Lesezeit\" \/>\n\t<meta name=\"twitter:data1\" content=\"2\u00a0Minuten\" \/>\n<script type=\"application\/ld+json\" class=\"yoast-schema-graph\">{\"@context\":\"https:\/\/schema.org\",\"@graph\":[{\"@type\":\"WebPage\",\"@id\":\"https:\/\/www.friendship-fairness.de\/?page_id=656\",\"url\":\"https:\/\/www.friendship-fairness.de\/?page_id=656\",\"name\":\"Datenschutzverordnung - Friendship &amp; Fairness\",\"isPartOf\":{\"@id\":\"https:\/\/www.friendship-fairness.de\/#website\"},\"datePublished\":\"2018-06-09T13:50:05+00:00\",\"dateModified\":\"2018-06-09T13:59:45+00:00\",\"breadcrumb\":{\"@id\":\"https:\/\/www.friendship-fairness.de\/?page_id=656#breadcrumb\"},\"inLanguage\":\"de\",\"potentialAction\":[{\"@type\":\"ReadAction\",\"target\":[\"https:\/\/www.friendship-fairness.de\/?page_id=656\"]}]},{\"@type\":\"BreadcrumbList\",\"@id\":\"https:\/\/www.friendship-fairness.de\/?page_id=656#breadcrumb\",\"itemListElement\":[{\"@type\":\"ListItem\",\"position\":1,\"name\":\"Home\",\"item\":\"https:\/\/www.friendship-fairness.de\/\"},{\"@type\":\"ListItem\",\"position\":2,\"name\":\"Impressum\",\"item\":\"https:\/\/www.friendship-fairness.de\/?page_id=6\"},{\"@type\":\"ListItem\",\"position\":3,\"name\":\"Datenschutzerkl\u00e4rung\",\"item\":\"https:\/\/www.friendship-fairness.de\/?page_id=8\"},{\"@type\":\"ListItem\",\"position\":4,\"name\":\"Datenschutzverordnung\"}]},{\"@type\":\"WebSite\",\"@id\":\"https:\/\/www.friendship-fairness.de\/#website\",\"url\":\"https:\/\/www.friendship-fairness.de\/\",\"name\":\"Friendship &amp; Fairness\",\"description\":\"Camazo Westernreiten \u00b7 Horsemanship\",\"potentialAction\":[{\"@type\":\"SearchAction\",\"target\":{\"@type\":\"EntryPoint\",\"urlTemplate\":\"https:\/\/www.friendship-fairness.de\/?s={search_term_string}\"},\"query-input\":{\"@type\":\"PropertyValueSpecification\",\"valueRequired\":true,\"valueName\":\"search_term_string\"}}],\"inLanguage\":\"de\"}]}<\/script>\n<!-- \/ Yoast SEO plugin. -->","yoast_head_json":{"title":"Datenschutzverordnung - Friendship &amp; Fairness","robots":{"index":"index","follow":"follow","max-snippet":"max-snippet:-1","max-image-preview":"max-image-preview:large","max-video-preview":"max-video-preview:-1"},"canonical":"https:\/\/www.friendship-fairness.de\/?page_id=656","og_locale":"de_DE","og_type":"article","og_title":"Datenschutzverordnung - Friendship &amp; Fairness","og_description":"Information zur Verwendung bzw. den Umgang mit Ihren Daten und Ihre Rechte nach der EU-Datenschutz-Grundverordnung. Mit diesem Hinweis informieren wir Sie \u00fcber die Verarbeitung Ihrer personenbezogenen Daten und die Ihnen nach dem Datenschutz zustehenden Rechte. Welche Daten wir im einzelnen verarbeiten und in welcher Weise sie genutzt werden richtet sich ma\u00dfgeblich nach den erbrachten und [&hellip;]","og_url":"https:\/\/www.friendship-fairness.de\/?page_id=656","og_site_name":"Friendship &amp; Fairness","article_modified_time":"2018-06-09T13:59:45+00:00","twitter_misc":{"Gesch\u00e4tzte Lesezeit":"2\u00a0Minuten"},"schema":{"@context":"https:\/\/schema.org","@graph":[{"@type":"WebPage","@id":"https:\/\/www.friendship-fairness.de\/?page_id=656","url":"https:\/\/www.friendship-fairness.de\/?page_id=656","name":"Datenschutzverordnung - Friendship &amp; Fairness","isPartOf":{"@id":"https:\/\/www.friendship-fairness.de\/#website"},"datePublished":"2018-06-09T13:50:05+00:00","dateModified":"2018-06-09T13:59:45+00:00","breadcrumb":{"@id":"https:\/\/www.friendship-fairness.de\/?page_id=656#breadcrumb"},"inLanguage":"de","potentialAction":[{"@type":"ReadAction","target":["https:\/\/www.friendship-fairness.de\/?page_id=656"]}]},{"@type":"BreadcrumbList","@id":"https:\/\/www.friendship-fairness.de\/?page_id=656#breadcrumb","itemListElement":[{"@type":"ListItem","position":1,"name":"Home","item":"https:\/\/www.friendship-fairness.de\/"},{"@type":"ListItem","position":2,"name":"Impressum","item":"https:\/\/www.friendship-fairness.de\/?page_id=6"},{"@type":"ListItem","position":3,"name":"Datenschutzerkl\u00e4rung","item":"https:\/\/www.friendship-fairness.de\/?page_id=8"},{"@type":"ListItem","position":4,"name":"Datenschutzverordnung"}]},{"@type":"WebSite","@id":"https:\/\/www.friendship-fairness.de\/#website","url":"https:\/\/www.friendship-fairness.de\/","name":"Friendship &amp; Fairness","description":"Camazo Westernreiten \u00b7 Horsemanship","potentialAction":[{"@type":"SearchAction","target":{"@type":"EntryPoint","urlTemplate":"https:\/\/www.friendship-fairness.de\/?s={search_term_string}"},"query-input":{"@type":"PropertyValueSpecification","valueRequired":true,"valueName":"search_term_string"}}],"inLanguage":"de"}]}},"_links":{"self":[{"href":"https:\/\/www.friendship-fairness.de\/index.php?rest_route=\/wp\/v2\/pages\/656","targetHints":{"allow":["GET"]}}],"collection":[{"href":"https:\/\/www.friendship-fairness.de\/index.php?rest_route=\/wp\/v2\/pages"}],"about":[{"href":"https:\/\/www.friendship-fairness.de\/index.php?rest_route=\/wp\/v2\/types\/page"}],"author":[{"embeddable":true,"href":"https:\/\/www.friendship-fairness.de\/index.php?rest_route=\/wp\/v2\/users\/2"}],"replies":[{"embeddable":true,"href":"https:\/\/www.friendship-fairness.de\/index.php?rest_route=%2Fwp%2Fv2%2Fcomments&post=656"}],"version-history":[{"count":1,"href":"https:\/\/www.friendship-fairness.de\/index.php?rest_route=\/wp\/v2\/pages\/656\/revisions"}],"predecessor-version":[{"id":657,"href":"https:\/\/www.friendship-fairness.de\/index.php?rest_route=\/wp\/v2\/pages\/656\/revisions\/657"}],"up":[{"embeddable":true,"href":"https:\/\/www.friendship-fairness.de\/index.php?rest_route=\/wp\/v2\/pages\/8"}],"wp:attachment":[{"href":"https:\/\/www.friendship-fairness.de\/index.php?rest_route=%2Fwp%2Fv2%2Fmedia&parent=656"}],"curies":[{"name":"wp","href":"https:\/\/api.w.org\/{rel}","templated":true}]}}