{"id":91,"date":"2014-07-11T10:58:23","date_gmt":"2014-07-11T08:58:23","guid":{"rendered":"http:\/\/w877mfup.web151.alfahosting-server.de\/friendship-fairness.alt\/?page_id=91"},"modified":"2019-02-24T15:11:46","modified_gmt":"2019-02-24T13:11:46","slug":"feedback","status":"publish","type":"page","link":"https:\/\/www.friendship-fairness.de\/?page_id=91","title":{"rendered":"News"},"content":{"rendered":"<h4><\/h4>\n<h4>Kursprogramm 2019 ist online!<\/h4>\n<h4>Juhuuh,&#8230; wir haben 2019 noch einen Kurs mit Arien Aguilar buchen k\u00f6nnen! Am 30.+31.05. wird er bei uns unterrichten.<\/h4>\n<p>Weiterhin gibt&#8217;s einen neuen Turniervorbereitungskurs, meine bew\u00e4hrten friendship&amp;fairness Bodenarbeitskurse, Trail- und Verladekurse sowie verschiedene APO Kurse &#8211; schaut rein!<\/p>\n<h4><\/h4>\n<h4>Gro\u00dfartige Kurstage mit Alfonso Aguilar vom 10.-12.09.2015!<\/h4>\n<p>Wie geplant ist Alfonso\u00a0am\u00a0Mittwoch abends in Beimerstetten\u00a0angekommen. Nach einer kurzen Vorstellrunde startete\u00a0Alfonso am n\u00e4chsten\u00a0Tag\u00a0mit\u00a0seinem\u00a0Seminar\u00a0<span style=\"text-decoration: underline;\">&#8222;Bosal,Bits &amp; Co&#8220;\u00a0<\/span>\u00a0\u00a0\u00a0\u00a0\u00a0\u00a0\u00a0\u00a0\u00a0\u00a0\u00a0\u00a0\u00a0\u00a0\u00a0\u00a0\u00a0\u00a0\u00a0\u00a0\u00a0\u00a0\u00a0\u00a0\u00a0\u00a0\u00a0\u00a0\u00a0\u00a0\u00a0\u00a0\u00a0\u00a0 Wer mitgemacht hat konnte an dem fundierten und schier unersch\u00f6pflichen Wissen von Alfonso teilhaben: ein wenig geschichtliche Hintergr\u00fcnde, viele verschiedene Z\u00e4umungen, klassisch\u00a0\/ englisch, spanisch, western &#8230;.. deren Wirkungsweise und korrekte Handhabung, gebisslose Z\u00e4umungen und deren Einsatz &#8230;. verschiedenste Bosals und deren Anwendung.. mechanische Hackamore u.v.m. Die Z\u00fcgel&#8220;bedienung&#8220; von jedem einzelnen wurde von Alfonso \u00fcberpr\u00fcft, und bei allen war, von kleinen\u00a0 Verbesserungen mit\u00a0gro\u00dfen Auswirkungen\u00a0bis zu\u00a0erstaunlichen &#8222;AHA&#8220;-Erlebnissen alles\u00a0dabei.\u00a0 Am Nachmittag wurde dann mit zwei Pferden das Gelernte \u00fcberpr\u00fcft und nochmal am Pferd alles erkl\u00e4rt und vorgef\u00fchrt. Jeder konnte seine Gebissst\u00fccke mitbringen und diese vorzeigen und besprechen.<\/p>\n<p><span style=\"text-decoration: underline;\">Freitag und Samstag\u00a0 war der Kurs &#8222;Bodenarbeit und Reiten&#8220; .<\/span> Da dieses Mal viele Leute da waren, die bei Alfonso bereits Kurse gemacht haben konnte noch individueller gearbeitet werden: Doppellonge und Schulterherein, Fahren vom Boden, Schreckparcours vom Boden und -Reiten, und nicht zuletzt Liberty (Freiarbeit) im vergr\u00f6\u00dferten Oval. Alle Pferde, im Alter von 4-20 waren super dabei und\u00a0nahmen- genau wie ihre Besitzer &#8211; viele\u00a0neue Gedanken,\u00a0\u00dcbungen und Hausaufgaben mit nach Hause.<\/p>\n<p>Mein besonderer Dank\u00a0gilt Alfonso f\u00fcr seine freundliche und humorvolle Art, mit der er immer wieder die Leute und die Pferde auf gro\u00dfartige Weise motiviert.\u00a0Auch an meine unerm\u00fcdlichen Helfer Matthias, Zoe, Bianca und alle anderen die mit angepackt haben einen herzlichen Dank &#8211;\u00a0\u00a0wir konnten\u00a0mit einem reibungslosen Ablauf alle Kurstage abschlie\u00dfen und die\u00a0Abende entspannt\u00a0mit Geburtstag feiern, Grillen und netten Gespr\u00e4chen verbringen&#8230;.. Wir freuen uns\u00a0schon jetzt\u00a0aufs n\u00e4chste Jahr: Alfonso wird 2016 im April da sein, nicht im Herbst dieses Mal.\u00a0Das genaue Datum findet Ihr unter www.aguilarsnaturalconcepts.com und bald auf meinem neuen Kursprogramm f\u00fcr 2016.<\/p>\n","protected":false},"excerpt":{"rendered":"<p>Kursprogramm 2019 ist online! Juhuuh,&#8230; wir haben 2019 noch einen Kurs mit Arien Aguilar buchen k\u00f6nnen! Am 30.+31.05. wird er bei uns unterrichten. Weiterhin gibt&#8217;s einen neuen Turniervorbereitungskurs, meine bew\u00e4hrten friendship&amp;fairness Bodenarbeitskurse, Trail- und Verladekurse sowie verschiedene APO Kurse &#8211; schaut rein! Gro\u00dfartige Kurstage mit Alfonso Aguilar vom 10.-12.09.2015! Wie geplant ist Alfonso\u00a0am\u00a0Mittwoch abends in [&hellip;]<\/p>\n","protected":false},"author":3,"featured_media":682,"parent":0,"menu_order":4,"comment_status":"open","ping_status":"open","template":"","meta":{"footnotes":""},"class_list":["post-91","page","type-page","status-publish","has-post-thumbnail","hentry"],"yoast_head":"<!-- This site is optimized with the Yoast SEO plugin v25.1 - https:\/\/yoast.com\/wordpress\/plugins\/seo\/ -->\n<title>News - Friendship &amp; Fairness<\/title>\n<meta name=\"robots\" content=\"index, follow, max-snippet:-1, max-image-preview:large, max-video-preview:-1\" \/>\n<link rel=\"canonical\" href=\"http:\/\/www.friendship-fairness.de\/?page_id=91\" \/>\n<meta property=\"og:locale\" content=\"de_DE\" \/>\n<meta property=\"og:type\" content=\"article\" \/>\n<meta property=\"og:title\" content=\"News - Friendship &amp; Fairness\" \/>\n<meta property=\"og:description\" content=\"Kursprogramm 2019 ist online! Juhuuh,&#8230; wir haben 2019 noch einen Kurs mit Arien Aguilar buchen k\u00f6nnen! Am 30.+31.05. wird er bei uns unterrichten. Weiterhin gibt&#8217;s einen neuen Turniervorbereitungskurs, meine bew\u00e4hrten friendship&amp;fairness Bodenarbeitskurse, Trail- und Verladekurse sowie verschiedene APO Kurse &#8211; schaut rein! Gro\u00dfartige Kurstage mit Alfonso Aguilar vom 10.-12.09.2015! Wie geplant ist Alfonso\u00a0am\u00a0Mittwoch abends in [&hellip;]\" \/>\n<meta property=\"og:url\" content=\"http:\/\/www.friendship-fairness.de\/?page_id=91\" \/>\n<meta property=\"og:site_name\" content=\"Friendship &amp; Fairness\" \/>\n<meta property=\"article:modified_time\" content=\"2019-02-24T13:11:46+00:00\" \/>\n<meta property=\"og:image\" content=\"http:\/\/friendship-fairness.de\/wp-content\/uploads\/2014\/07\/Arien.jpg\" \/>\n\t<meta property=\"og:image:width\" content=\"1200\" \/>\n\t<meta property=\"og:image:height\" content=\"800\" \/>\n\t<meta property=\"og:image:type\" content=\"image\/jpeg\" \/>\n<meta name=\"twitter:label1\" content=\"Gesch\u00e4tzte Lesezeit\" \/>\n\t<meta name=\"twitter:data1\" content=\"2\u00a0Minuten\" \/>\n<script type=\"application\/ld+json\" class=\"yoast-schema-graph\">{\"@context\":\"https:\/\/schema.org\",\"@graph\":[{\"@type\":\"WebPage\",\"@id\":\"http:\/\/www.friendship-fairness.de\/?page_id=91\",\"url\":\"http:\/\/www.friendship-fairness.de\/?page_id=91\",\"name\":\"News - Friendship &amp; Fairness\",\"isPartOf\":{\"@id\":\"https:\/\/www.friendship-fairness.de\/#website\"},\"primaryImageOfPage\":{\"@id\":\"http:\/\/www.friendship-fairness.de\/?page_id=91#primaryimage\"},\"image\":{\"@id\":\"http:\/\/www.friendship-fairness.de\/?page_id=91#primaryimage\"},\"thumbnailUrl\":\"https:\/\/friendship-fairness.de\/wp-content\/uploads\/2014\/07\/Arien.jpg\",\"datePublished\":\"2014-07-11T08:58:23+00:00\",\"dateModified\":\"2019-02-24T13:11:46+00:00\",\"breadcrumb\":{\"@id\":\"http:\/\/www.friendship-fairness.de\/?page_id=91#breadcrumb\"},\"inLanguage\":\"de\",\"potentialAction\":[{\"@type\":\"ReadAction\",\"target\":[\"http:\/\/www.friendship-fairness.de\/?page_id=91\"]}]},{\"@type\":\"ImageObject\",\"inLanguage\":\"de\",\"@id\":\"http:\/\/www.friendship-fairness.de\/?page_id=91#primaryimage\",\"url\":\"https:\/\/friendship-fairness.de\/wp-content\/uploads\/2014\/07\/Arien.jpg\",\"contentUrl\":\"https:\/\/friendship-fairness.de\/wp-content\/uploads\/2014\/07\/Arien.jpg\",\"width\":1200,\"height\":800},{\"@type\":\"BreadcrumbList\",\"@id\":\"http:\/\/www.friendship-fairness.de\/?page_id=91#breadcrumb\",\"itemListElement\":[{\"@type\":\"ListItem\",\"position\":1,\"name\":\"Home\",\"item\":\"https:\/\/www.friendship-fairness.de\/\"},{\"@type\":\"ListItem\",\"position\":2,\"name\":\"News\"}]},{\"@type\":\"WebSite\",\"@id\":\"https:\/\/www.friendship-fairness.de\/#website\",\"url\":\"https:\/\/www.friendship-fairness.de\/\",\"name\":\"Friendship &amp; Fairness\",\"description\":\"Camazo Westernreiten \u00b7 Horsemanship\",\"potentialAction\":[{\"@type\":\"SearchAction\",\"target\":{\"@type\":\"EntryPoint\",\"urlTemplate\":\"https:\/\/www.friendship-fairness.de\/?s={search_term_string}\"},\"query-input\":{\"@type\":\"PropertyValueSpecification\",\"valueRequired\":true,\"valueName\":\"search_term_string\"}}],\"inLanguage\":\"de\"}]}<\/script>\n<!-- \/ Yoast SEO plugin. -->","yoast_head_json":{"title":"News - Friendship &amp; Fairness","robots":{"index":"index","follow":"follow","max-snippet":"max-snippet:-1","max-image-preview":"max-image-preview:large","max-video-preview":"max-video-preview:-1"},"canonical":"http:\/\/www.friendship-fairness.de\/?page_id=91","og_locale":"de_DE","og_type":"article","og_title":"News - Friendship &amp; Fairness","og_description":"Kursprogramm 2019 ist online! Juhuuh,&#8230; wir haben 2019 noch einen Kurs mit Arien Aguilar buchen k\u00f6nnen! Am 30.+31.05. wird er bei uns unterrichten. Weiterhin gibt&#8217;s einen neuen Turniervorbereitungskurs, meine bew\u00e4hrten friendship&amp;fairness Bodenarbeitskurse, Trail- und Verladekurse sowie verschiedene APO Kurse &#8211; schaut rein! Gro\u00dfartige Kurstage mit Alfonso Aguilar vom 10.-12.09.2015! Wie geplant ist Alfonso\u00a0am\u00a0Mittwoch abends in [&hellip;]","og_url":"http:\/\/www.friendship-fairness.de\/?page_id=91","og_site_name":"Friendship &amp; Fairness","article_modified_time":"2019-02-24T13:11:46+00:00","og_image":[{"width":1200,"height":800,"url":"http:\/\/friendship-fairness.de\/wp-content\/uploads\/2014\/07\/Arien.jpg","type":"image\/jpeg"}],"twitter_misc":{"Gesch\u00e4tzte Lesezeit":"2\u00a0Minuten"},"schema":{"@context":"https:\/\/schema.org","@graph":[{"@type":"WebPage","@id":"http:\/\/www.friendship-fairness.de\/?page_id=91","url":"http:\/\/www.friendship-fairness.de\/?page_id=91","name":"News - Friendship &amp; Fairness","isPartOf":{"@id":"https:\/\/www.friendship-fairness.de\/#website"},"primaryImageOfPage":{"@id":"http:\/\/www.friendship-fairness.de\/?page_id=91#primaryimage"},"image":{"@id":"http:\/\/www.friendship-fairness.de\/?page_id=91#primaryimage"},"thumbnailUrl":"https:\/\/friendship-fairness.de\/wp-content\/uploads\/2014\/07\/Arien.jpg","datePublished":"2014-07-11T08:58:23+00:00","dateModified":"2019-02-24T13:11:46+00:00","breadcrumb":{"@id":"http:\/\/www.friendship-fairness.de\/?page_id=91#breadcrumb"},"inLanguage":"de","potentialAction":[{"@type":"ReadAction","target":["http:\/\/www.friendship-fairness.de\/?page_id=91"]}]},{"@type":"ImageObject","inLanguage":"de","@id":"http:\/\/www.friendship-fairness.de\/?page_id=91#primaryimage","url":"https:\/\/friendship-fairness.de\/wp-content\/uploads\/2014\/07\/Arien.jpg","contentUrl":"https:\/\/friendship-fairness.de\/wp-content\/uploads\/2014\/07\/Arien.jpg","width":1200,"height":800},{"@type":"BreadcrumbList","@id":"http:\/\/www.friendship-fairness.de\/?page_id=91#breadcrumb","itemListElement":[{"@type":"ListItem","position":1,"name":"Home","item":"https:\/\/www.friendship-fairness.de\/"},{"@type":"ListItem","position":2,"name":"News"}]},{"@type":"WebSite","@id":"https:\/\/www.friendship-fairness.de\/#website","url":"https:\/\/www.friendship-fairness.de\/","name":"Friendship &amp; Fairness","description":"Camazo Westernreiten \u00b7 Horsemanship","potentialAction":[{"@type":"SearchAction","target":{"@type":"EntryPoint","urlTemplate":"https:\/\/www.friendship-fairness.de\/?s={search_term_string}"},"query-input":{"@type":"PropertyValueSpecification","valueRequired":true,"valueName":"search_term_string"}}],"inLanguage":"de"}]}},"_links":{"self":[{"href":"https:\/\/www.friendship-fairness.de\/index.php?rest_route=\/wp\/v2\/pages\/91","targetHints":{"allow":["GET"]}}],"collection":[{"href":"https:\/\/www.friendship-fairness.de\/index.php?rest_route=\/wp\/v2\/pages"}],"about":[{"href":"https:\/\/www.friendship-fairness.de\/index.php?rest_route=\/wp\/v2\/types\/page"}],"author":[{"embeddable":true,"href":"https:\/\/www.friendship-fairness.de\/index.php?rest_route=\/wp\/v2\/users\/3"}],"replies":[{"embeddable":true,"href":"https:\/\/www.friendship-fairness.de\/index.php?rest_route=%2Fwp%2Fv2%2Fcomments&post=91"}],"version-history":[{"count":24,"href":"https:\/\/www.friendship-fairness.de\/index.php?rest_route=\/wp\/v2\/pages\/91\/revisions"}],"predecessor-version":[{"id":697,"href":"https:\/\/www.friendship-fairness.de\/index.php?rest_route=\/wp\/v2\/pages\/91\/revisions\/697"}],"wp:featuredmedia":[{"embeddable":true,"href":"https:\/\/www.friendship-fairness.de\/index.php?rest_route=\/wp\/v2\/media\/682"}],"wp:attachment":[{"href":"https:\/\/www.friendship-fairness.de\/index.php?rest_route=%2Fwp%2Fv2%2Fmedia&parent=91"}],"curies":[{"name":"wp","href":"https:\/\/api.w.org\/{rel}","templated":true}]}}