{"id":93,"date":"2014-07-11T10:58:32","date_gmt":"2014-07-11T08:58:32","guid":{"rendered":"http:\/\/w877mfup.web151.alfahosting-server.de\/friendship-fairness.alt\/?page_id=93"},"modified":"2015-02-26T17:25:34","modified_gmt":"2015-02-26T15:25:34","slug":"news","status":"publish","type":"page","link":"https:\/\/www.friendship-fairness.de\/?page_id=93","title":{"rendered":"G\u00e4stebuch"},"content":{"rendered":"<p>KEIN TEXT<\/p>\n<p>In der\u00a0<a class=\"themelink\" style=\"color: #888888;\" href=\"http:\/\/www.sueddeutsche.de\/thema\/Gesundheitspolitik\" data-pagetype=\"THEME\">Gesundheitspolitik<\/a>\u00a0dreht sich ziemlich viel um den &#8222;m\u00fcndigen Patienten&#8220;. Besonders oft taucht er in den Reden von Politikern oder Vortr\u00e4gen von Kassenfunktion\u00e4ren auf. Da hei\u00dft es dann, der m\u00fcndige Patient sollte das beurteilen, der m\u00fcndige Patient k\u00f6nne dies entscheiden und der m\u00fcndige Patient wisse genau, was wovon zu halten sei. Die Anspr\u00fcche an den m\u00fcndigen Patienten sind so hoch, man k\u00f6nnte auf die Idee kommen, hier gehe es um eine Art universalgebildeten Hobby-Arzt mit kaltbl\u00fctigem\u00a0Verhandlungsgeschick.<\/p>\n","protected":false},"excerpt":{"rendered":"<p>KEIN TEXT In der\u00a0Gesundheitspolitik\u00a0dreht sich ziemlich viel um den &#8222;m\u00fcndigen Patienten&#8220;. Besonders oft taucht er in den Reden von Politikern oder Vortr\u00e4gen von Kassenfunktion\u00e4ren auf. Da hei\u00dft es dann, der m\u00fcndige Patient sollte das beurteilen, der m\u00fcndige Patient k\u00f6nne dies entscheiden und der m\u00fcndige Patient wisse genau, was wovon zu halten sei. Die Anspr\u00fcche an [&hellip;]<\/p>\n","protected":false},"author":3,"featured_media":0,"parent":0,"menu_order":3,"comment_status":"open","ping_status":"open","template":"","meta":{"footnotes":""},"class_list":["post-93","page","type-page","status-publish","hentry"],"yoast_head":"<!-- This site is optimized with the Yoast SEO plugin v25.1 - https:\/\/yoast.com\/wordpress\/plugins\/seo\/ -->\n<title>G\u00e4stebuch - Friendship &amp; Fairness<\/title>\n<meta name=\"robots\" content=\"index, follow, max-snippet:-1, max-image-preview:large, max-video-preview:-1\" \/>\n<link rel=\"canonical\" href=\"http:\/\/www.friendship-fairness.de\/?page_id=93\" \/>\n<meta property=\"og:locale\" content=\"de_DE\" \/>\n<meta property=\"og:type\" content=\"article\" \/>\n<meta property=\"og:title\" content=\"G\u00e4stebuch - Friendship &amp; Fairness\" \/>\n<meta property=\"og:description\" content=\"KEIN TEXT In der\u00a0Gesundheitspolitik\u00a0dreht sich ziemlich viel um den &#8222;m\u00fcndigen Patienten&#8220;. Besonders oft taucht er in den Reden von Politikern oder Vortr\u00e4gen von Kassenfunktion\u00e4ren auf. Da hei\u00dft es dann, der m\u00fcndige Patient sollte das beurteilen, der m\u00fcndige Patient k\u00f6nne dies entscheiden und der m\u00fcndige Patient wisse genau, was wovon zu halten sei. Die Anspr\u00fcche an [&hellip;]\" \/>\n<meta property=\"og:url\" content=\"http:\/\/www.friendship-fairness.de\/?page_id=93\" \/>\n<meta property=\"og:site_name\" content=\"Friendship &amp; Fairness\" \/>\n<meta property=\"article:modified_time\" content=\"2015-02-26T15:25:34+00:00\" \/>\n<script type=\"application\/ld+json\" class=\"yoast-schema-graph\">{\"@context\":\"https:\/\/schema.org\",\"@graph\":[{\"@type\":\"WebPage\",\"@id\":\"http:\/\/www.friendship-fairness.de\/?page_id=93\",\"url\":\"http:\/\/www.friendship-fairness.de\/?page_id=93\",\"name\":\"G\u00e4stebuch - Friendship &amp; Fairness\",\"isPartOf\":{\"@id\":\"https:\/\/www.friendship-fairness.de\/#website\"},\"datePublished\":\"2014-07-11T08:58:32+00:00\",\"dateModified\":\"2015-02-26T15:25:34+00:00\",\"breadcrumb\":{\"@id\":\"http:\/\/www.friendship-fairness.de\/?page_id=93#breadcrumb\"},\"inLanguage\":\"de\",\"potentialAction\":[{\"@type\":\"ReadAction\",\"target\":[\"http:\/\/www.friendship-fairness.de\/?page_id=93\"]}]},{\"@type\":\"BreadcrumbList\",\"@id\":\"http:\/\/www.friendship-fairness.de\/?page_id=93#breadcrumb\",\"itemListElement\":[{\"@type\":\"ListItem\",\"position\":1,\"name\":\"Home\",\"item\":\"https:\/\/www.friendship-fairness.de\/\"},{\"@type\":\"ListItem\",\"position\":2,\"name\":\"G\u00e4stebuch\"}]},{\"@type\":\"WebSite\",\"@id\":\"https:\/\/www.friendship-fairness.de\/#website\",\"url\":\"https:\/\/www.friendship-fairness.de\/\",\"name\":\"Friendship &amp; Fairness\",\"description\":\"Camazo Westernreiten \u00b7 Horsemanship\",\"potentialAction\":[{\"@type\":\"SearchAction\",\"target\":{\"@type\":\"EntryPoint\",\"urlTemplate\":\"https:\/\/www.friendship-fairness.de\/?s={search_term_string}\"},\"query-input\":{\"@type\":\"PropertyValueSpecification\",\"valueRequired\":true,\"valueName\":\"search_term_string\"}}],\"inLanguage\":\"de\"}]}<\/script>\n<!-- \/ Yoast SEO plugin. -->","yoast_head_json":{"title":"G\u00e4stebuch - Friendship &amp; Fairness","robots":{"index":"index","follow":"follow","max-snippet":"max-snippet:-1","max-image-preview":"max-image-preview:large","max-video-preview":"max-video-preview:-1"},"canonical":"http:\/\/www.friendship-fairness.de\/?page_id=93","og_locale":"de_DE","og_type":"article","og_title":"G\u00e4stebuch - Friendship &amp; Fairness","og_description":"KEIN TEXT In der\u00a0Gesundheitspolitik\u00a0dreht sich ziemlich viel um den &#8222;m\u00fcndigen Patienten&#8220;. Besonders oft taucht er in den Reden von Politikern oder Vortr\u00e4gen von Kassenfunktion\u00e4ren auf. Da hei\u00dft es dann, der m\u00fcndige Patient sollte das beurteilen, der m\u00fcndige Patient k\u00f6nne dies entscheiden und der m\u00fcndige Patient wisse genau, was wovon zu halten sei. Die Anspr\u00fcche an [&hellip;]","og_url":"http:\/\/www.friendship-fairness.de\/?page_id=93","og_site_name":"Friendship &amp; Fairness","article_modified_time":"2015-02-26T15:25:34+00:00","schema":{"@context":"https:\/\/schema.org","@graph":[{"@type":"WebPage","@id":"http:\/\/www.friendship-fairness.de\/?page_id=93","url":"http:\/\/www.friendship-fairness.de\/?page_id=93","name":"G\u00e4stebuch - Friendship &amp; Fairness","isPartOf":{"@id":"https:\/\/www.friendship-fairness.de\/#website"},"datePublished":"2014-07-11T08:58:32+00:00","dateModified":"2015-02-26T15:25:34+00:00","breadcrumb":{"@id":"http:\/\/www.friendship-fairness.de\/?page_id=93#breadcrumb"},"inLanguage":"de","potentialAction":[{"@type":"ReadAction","target":["http:\/\/www.friendship-fairness.de\/?page_id=93"]}]},{"@type":"BreadcrumbList","@id":"http:\/\/www.friendship-fairness.de\/?page_id=93#breadcrumb","itemListElement":[{"@type":"ListItem","position":1,"name":"Home","item":"https:\/\/www.friendship-fairness.de\/"},{"@type":"ListItem","position":2,"name":"G\u00e4stebuch"}]},{"@type":"WebSite","@id":"https:\/\/www.friendship-fairness.de\/#website","url":"https:\/\/www.friendship-fairness.de\/","name":"Friendship &amp; Fairness","description":"Camazo Westernreiten \u00b7 Horsemanship","potentialAction":[{"@type":"SearchAction","target":{"@type":"EntryPoint","urlTemplate":"https:\/\/www.friendship-fairness.de\/?s={search_term_string}"},"query-input":{"@type":"PropertyValueSpecification","valueRequired":true,"valueName":"search_term_string"}}],"inLanguage":"de"}]}},"_links":{"self":[{"href":"https:\/\/www.friendship-fairness.de\/index.php?rest_route=\/wp\/v2\/pages\/93","targetHints":{"allow":["GET"]}}],"collection":[{"href":"https:\/\/www.friendship-fairness.de\/index.php?rest_route=\/wp\/v2\/pages"}],"about":[{"href":"https:\/\/www.friendship-fairness.de\/index.php?rest_route=\/wp\/v2\/types\/page"}],"author":[{"embeddable":true,"href":"https:\/\/www.friendship-fairness.de\/index.php?rest_route=\/wp\/v2\/users\/3"}],"replies":[{"embeddable":true,"href":"https:\/\/www.friendship-fairness.de\/index.php?rest_route=%2Fwp%2Fv2%2Fcomments&post=93"}],"version-history":[{"count":18,"href":"https:\/\/www.friendship-fairness.de\/index.php?rest_route=\/wp\/v2\/pages\/93\/revisions"}],"predecessor-version":[{"id":403,"href":"https:\/\/www.friendship-fairness.de\/index.php?rest_route=\/wp\/v2\/pages\/93\/revisions\/403"}],"wp:attachment":[{"href":"https:\/\/www.friendship-fairness.de\/index.php?rest_route=%2Fwp%2Fv2%2Fmedia&parent=93"}],"curies":[{"name":"wp","href":"https:\/\/api.w.org\/{rel}","templated":true}]}}